{"id":73131,"date":"2018-08-08T18:44:14","date_gmt":"2018-08-08T18:44:14","guid":{"rendered":"https:\/\/a-kd.brecklinghaus.com\/?page_id=73131"},"modified":"2025-05-27T12:34:12","modified_gmt":"2025-05-27T10:34:12","slug":"presse","status":"publish","type":"page","link":"https:\/\/a-kd.de\/index.php\/presse\/","title":{"rendered":"Presse"},"content":{"rendered":"<p>[vc_row][vc_column][vc_column_text]Picard Bochum:<br \/>\n<a href=\"https:\/\/a-kd.de\/wp-content\/uploads\/2018\/10\/2025-05-13_WAZ-Picard-und-Trump.pdf\"><strong>\u25a0\u00a0 WAZ Gro\u00dfh\u00e4ndler Picard und die Trump-Z\u00f6lle (13.05.2025)<\/strong><\/a><br \/>\n<a href=\"https:\/\/a-kd.de\/wp-content\/uploads\/2018\/10\/2025-05-13_WAZ-Picard-noch-schneller.pdf\"><strong>\u25a0\u00a0 WAZ Beim Gro\u00dfh\u00e4ndler soll\u00b4s noch schneller gehen (13.05.2025)<\/strong><\/a><\/p>\n<p>Projekt Gerwigstra\u00dfe Karlsruhe, AUDI Neubau:<br \/>\n<a href=\"https:\/\/a-kd.de\/wp-content\/uploads\/2019\/04\/Artikel.pdf\"><strong>\u25a0 Internetartikel Karlsruhe News (06.08.2021)<\/strong><\/a><\/p>\n<p>Picard 2018\/2019:<br \/>\n<a href=\"https:\/\/a-kd.de\/wp-content\/uploads\/2018\/10\/20181017_WAZ_online_Richtfest.pdf\"><span style=\"color: black;\"><strong>\u25a0 Zeitungsartikel WAZ Richtfest (16.Oktober 2018)<\/strong><\/span><\/a><br \/>\n<a href=\"https:\/\/a-kd.de\/wp-content\/uploads\/2018\/10\/20181017_WAZ-Bochum-Langendreer_Seite-11.pdf\"><span style=\"color: black;\"><strong>\u25a0 Zeitungsartikel WAZ Bochum (17.Oktober 2018)<\/strong><\/span><\/a><\/p>\n<p>Autohaus Schmeink Wesel:<br \/>\n<a href=\"https:\/\/a-kd.de\/wp-content\/uploads\/2018\/08\/NRZ-Schmeink.pdf\"><strong>\u25a0 NRZ Internetartikel (15.Mai 2018)<\/strong><\/a><\/p>\n<p>Porsche Zentrum Landau 2018:<br \/>\n<a href=\"https:\/\/a-kd.de\/wp-content\/uploads\/2019\/01\/Zeitungsartikel-Autohaus.pdf\"><strong>\u25a0 Zeitungsartikel Autohaus (Juli 2018)<\/strong><\/a><br \/>\n<a href=\"https:\/\/a-kd.de\/wp-content\/uploads\/2019\/01\/Zeitungsartikel-Bauen-Wirtschaft.pdf\"><strong>\u25a0 Zeitungsartikel Bauen + Wirtschaft<\/strong><\/a><\/p>\n<p>Porsche Zentrum Baden-Baden:<br \/>\n<a style=\"color: black;\" href=\"https:\/\/a-kd.de\/wp-content\/uploads\/2018\/08\/2018-12-Artikel-Porsche-Times.pdf\"><strong>\u25a0 Artikel Porsche Times (Dezember 2008)<\/strong><\/a><\/p>\n<p>Porsche Zentrum Baden-Baden<br \/>\n<a style=\"color: black;\" href=\"https:\/\/a-kd.de\/wp-content\/uploads\/2018\/08\/2008-12-Artikel-in-Business-News-_-Porsche-Zentrum-BadenBaden.pdf\"><strong>\u25a0 Artikel in Business News (Dezember 2008)<\/strong><\/a><\/p>\n<p>Porsche Zentrum Karlsruhe:<br \/>\n<a style=\"color: black;\" href=\"https:\/\/a-kd.de\/wp-content\/uploads\/2018\/08\/2018-12-Artikel-Porsche-Times-II-1.pdf\"><strong>\u25a0 Artikel in Porsche Times (Dezember 2008)<\/strong><\/a><\/p>\n<p>Porsche Zentrum Karlsruhe:<br \/>\n<a style=\"color: black;\" href=\"https:\/\/a-kd.de\/wp-content\/uploads\/2018\/08\/2008-12-Artikel-in-Porsche-Times-_-Porsche-Zentrum-Karlsruhe.pdf\"><strong>\u25a0 Artikel in Porsche Times (Dezember 2008)<\/strong><\/a><\/p>\n<p>Lexus Forum Frankfurt:<br \/>\n<a style=\"color: black;\" href=\"https:\/\/a-kd.de\/wp-content\/uploads\/2018\/08\/2007-09-Artikel-im-Autohaus-_-Lexus-Forum-Frankfurt.pdf\"><strong>\u25a0 Artikel Autohaus (September 2007)<\/strong><\/a><\/p>\n<p>Lexus Forum Frankfurt \/ Japaner auf der \u00dcberholspur Frankfurter allgemeine Zeitung 06 \/ 2007<\/p>\n<p>Autohaus Nix:<br \/>\n<a style=\"color: black;\" href=\"https:\/\/a-kd.de\/wp-content\/uploads\/2018\/08\/2004-01-Artikel-im-Autohaus-_-Autohaus-Nix.pdf\"><strong>\u25a0 Artikel im Autohaus (Januar 2004)<\/strong><\/a><\/p>\n<p>VW Zentrum Halle:<br \/>\n<a style=\"color: black;\" href=\"https:\/\/a-kd.de\/wp-content\/uploads\/2018\/08\/2003-04-Artikel-Elektrizit\u00e4tswerk-Halle-Vereinigung-d.-Landesdenkmalpfleger-in-der-BRD-_-VW-Zentum-Halle.pdf\"><strong>\u25a0 Elektrizit\u00e4tswerk Halle Vereinigung d. Landesdenkmalpfleger in der BRD (April 2003)<\/strong><\/a><\/p>\n<p>Volkswagen Zentrum Halle:<br \/>\n<a style=\"color: black;\" href=\"https:\/\/a-kd.de\/wp-content\/uploads\/2018\/08\/2001-04-Artikel-im-Autohaus-1.pdf\"><strong>\u25a0 Artikel im Autohaus (April 2001)<\/strong><\/a><\/p>\n<p>Audi Zentrum Singen:<br \/>\n<a style=\"color: black;\" href=\"https:\/\/a-kd.de\/wp-content\/uploads\/2018\/08\/1999-01-Artikel-im-Autohaus-_-AUDI-Zentrum-Singen-1.pdf\"><strong>\u25a0 Artikel im Autohaus (Januar 1999)<\/strong><\/a><\/p>\n<p>Volkswagen Zentrum, Stuttgart:<br \/>\n<a style=\"color: black;\" href=\"https:\/\/a-kd.de\/wp-content\/uploads\/2018\/08\/1998-06-Artikel-im-Autohaus-_-Volkswagen-Zentrum-Stuttgart_Optimized.pdf\"><strong>\u25a0 Artikel im Autohaus (Juni 1998)<\/strong><\/a><\/p>\n<p>Erfolgreich Pr\u00e4sentieren:<br \/>\n<a style=\"color: black;\" href=\"https:\/\/a-kd.de\/wp-content\/uploads\/2018\/08\/1998-03-CAD-plus-1.pdf\"><strong>\u25a0 CAD plus (M\u00e4rz 1998)<\/strong><\/a><\/p>\n<p>Autohaus Gohm &amp; Graf Hardenberg, Singen:<br \/>\n<a style=\"color: black;\" href=\"https:\/\/a-kd.de\/wp-content\/uploads\/2018\/08\/1997-05-Artikel-im-Autohaus-_-Autohaus-Gohm-Graf-Hardenberg-Singen-_Optimized.pdf\"><strong>\u25a0 Artikel im Autohaus (Mai 1997)<\/strong><\/a><\/p>\n<p>Autohaus Kahle, Hannover:<br \/>\n<a style=\"color: black;\" href=\"https:\/\/a-kd.de\/wp-content\/uploads\/2018\/08\/1995-11-Artikel-im-Autohaus-_-Autohaus-Kahle-Hannover_Optimized.pdf\"><strong>\u25a0 Artikel im Autohaus (November 1995)<\/strong><\/a><\/p>\n<p>Autohaus Rummelsburg, Berlin:<br \/>\n<a style=\"color: black;\" href=\"https:\/\/a-kd.de\/wp-content\/uploads\/2018\/08\/1995-11-Artikel-im-Autohaus-_-Autohaus-Rummelsburg-Berlin_Optimized.pdf\"><strong>\u25a0 Artikel im Autohaus (November 1995)<\/strong><\/a><\/p>\n<p>Auto-Service GmbH:<br \/>\n<a style=\"color: black;\" href=\" https:\/\/a-kd.de\/wp-content\/uploads\/2018\/08\/1994-12-Artikel-im-Autohaus-_-Autohaus-Moorstra\u00dfe-Plauen-_Optimized-1.pdf\"><strong>\u25a0 Artikel im Autohaus (April 1995)<\/strong><\/a><\/p>\n<p>Autohaus Moorstra\u00dfe, Plauen:<br \/>\n<a style=\"color: black;\" href=\"https:\/\/a-kd.de\/wp-content\/uploads\/2018\/08\/1994-12-Artikel-im-Autohaus-_-Autohaus-Moorstra\u00dfe-Plauen-_Optimized.pdf\"><strong>\u25a0 Artikel im Autohaus (Dezember 1994)<\/strong><\/a><\/p>\n<p>Autohaus Moorstra\u00dfe, Plauen:<br \/>\n<a style=\"color: black;\" href=\"https:\/\/a-kd.de\/wp-content\/uploads\/2018\/08\/1994-09-Artikel-im-Autohaus-_-Autohaus-Moorstra\u00dfe-Plauen_Optimized.pdf\"><strong>\u25a0 Artikel im Autohaus (September 1994)<\/strong><\/a><\/p>\n<p>Autohaus Allst\u00e4dt, Waltershausen:<br \/>\n<a style=\"color: black;\" href=\"https:\/\/a-kd.de\/wp-content\/uploads\/2018\/08\/1994-06-Artikel-im-Autohaus-_-Autohaus-Allst\u00e4dt-Waltershausen-1.pdf\"><strong>\u25a0 Artikel im Autohaus (Juni 1994)<\/strong><\/a><\/p>\n<p>Autohaus Paul, Neugersdorf\/Oberlausitz:<br \/>\n<a style=\"color: black;\" href=\"https:\/\/a-kd.de\/wp-content\/uploads\/2018\/08\/1994-03-Artikel-im-Autohaus-_-Autohaus-Paul-Neugersdorf-Oberlausitz-1.pdf\"><strong>\u25a0 Artikel im Autohaus (M\u00e4rz 1994)<\/strong><\/a><\/p>\n<p>Bauen Heute:<br \/>\n<a style=\"color: black;\" href=\"https:\/\/a-kd.de\/wp-content\/uploads\/2018\/08\/1992-04-Artikel-im-Autohaus-_-Bauen-Heute_Optimized.pdf\"><strong>\u25a0 Artikel im Autohaus (April 1992)<\/strong><\/a><\/p>\n<p>Porsche Zentrum, Soest:<br \/>\n<a style=\"color: black;\" href=\"https:\/\/a-kd.de\/wp-content\/uploads\/2018\/08\/1992-04-Artikel-im-Autohaus-_-Porsche-Zentrum-Soest_Optimized.pdf\"><strong>\u25a0 Artikel im Autohaus (April 1992)<\/strong><\/a><\/p>\n<p>Max Moritz, Reutlingen:<br \/>\n<a style=\"color: black;\" href=\"https:\/\/a-kd.de\/wp-content\/uploads\/2018\/08\/1992-01-Artikel-im-Autohaus-_-Max-Moritz-Reutlingen_Optimized.pdf\"><strong>\u25a0 Artikel im Autohaus (Januar 1992)<\/strong><\/a><\/p>\n<p>Heusel, Reutlingen:<br \/>\n<a style=\"color: black;\" href=\"https:\/\/a-kd.de\/wp-content\/uploads\/2018\/08\/1991-09-Heusel-Reutlingen_Optimized.pdf\"><strong>\u25a0 Artikel im Autohaus (September 1991)<\/strong><\/a><\/p>\n<p>Annahmen und \u00dcbergaben:<br \/>\n<a style=\"color: black;\" href=\"https:\/\/a-kd.de\/wp-content\/uploads\/2018\/08\/1991-03-Artikel-im-Autohaus-_-Annahmen-und-\u00dcbergaben_Optimized.pdf\"><strong>\u25a0 Artikel im Autohaus (M\u00e4rz 1991)<\/strong><\/a><\/p>\n<p>Autohaus Nix, W\u00e4chtersbach:<br \/>\n<a style=\"color: black;\" href=\"https:\/\/a-kd.de\/wp-content\/uploads\/2018\/08\/1989-09-Artikel-im-kfz-betrieb-_-Autohaus-Nix-W\u00e4chtersbach_Optimized.pdf\"><strong>\u25a0 Artikel im Autohaus (September 1989)<\/strong><\/a><\/p>\n<p>Audi-Zenrum, M\u00fcnchen:<br \/>\n<a style=\"color: black;\" href=\"https:\/\/a-kd.de\/wp-content\/uploads\/2018\/08\/1989-04-Artikel-im-Autohaus-_-Audi-Zentrum-M\u00fcnchen_Optimized.pdf\"><strong>\u25a0 Artikel im Autohaus (April 1989)<\/strong><\/a><\/p>\n<p>Autohaus Schwab, Neuss-Norf:<br \/>\n<a style=\"color: black;\" href=\"https:\/\/a-kd.de\/wp-content\/uploads\/2018\/08\/1988-06-Artikel-im-kfz-betrieb-Autohaus-Schwab-Neuss-Norf_Optimized.pdf\"><strong>\u25a0 Artikel im kfz-Betrieb (Juni 1988)<\/strong><\/a><\/p>\n<p>Autohaus Wicke, Bochum:<br \/>\n<a style=\"color: black;\" href=\"https:\/\/a-kd.de\/wp-content\/uploads\/2018\/08\/1988-04-Artikel-im-Autohaus-_-Autohaus-Wicke-Bochum_Optimized.pdf\"><strong>\u25a0 Artikel im Autohaus (April 1988)<\/strong><\/a><\/p>\n<p>Autohaus Lang, Stuttgart Kunden-Zentrum:<br \/>\n<a style=\"color: black;\" href=\"https:\/\/a-kd.de\/wp-content\/uploads\/2018\/08\/1987-02-Artikel-im-kfz-betrieb-_-Autohaus-Lang-Stuttgart-1.pdf\"><strong>\u25a0 Artikel im Autohaus (Februar 1987)<\/strong><\/a>[\/vc_column_text][\/vc_column][\/vc_row]<\/p>\n","protected":false},"excerpt":{"rendered":"<p>[vc_row][vc_column][vc_column_text]Picard Bochum: \u25a0\u00a0 WAZ Gro\u00dfh\u00e4ndler Picard und die Trump-Z\u00f6lle (13.05.2025) \u25a0\u00a0 WAZ Beim Gro\u00dfh\u00e4ndler soll\u00b4s noch schneller gehen (13.05.2025) Projekt [&hellip;]<\/p>\n","protected":false},"author":1,"featured_media":0,"parent":0,"menu_order":0,"comment_status":"closed","ping_status":"closed","template":"","meta":[],"_links":{"self":[{"href":"https:\/\/a-kd.de\/index.php\/wp-json\/wp\/v2\/pages\/73131"}],"collection":[{"href":"https:\/\/a-kd.de\/index.php\/wp-json\/wp\/v2\/pages"}],"about":[{"href":"https:\/\/a-kd.de\/index.php\/wp-json\/wp\/v2\/types\/page"}],"author":[{"embeddable":true,"href":"https:\/\/a-kd.de\/index.php\/wp-json\/wp\/v2\/users\/1"}],"replies":[{"embeddable":true,"href":"https:\/\/a-kd.de\/index.php\/wp-json\/wp\/v2\/comments?post=73131"}],"version-history":[{"count":33,"href":"https:\/\/a-kd.de\/index.php\/wp-json\/wp\/v2\/pages\/73131\/revisions"}],"predecessor-version":[{"id":78440,"href":"https:\/\/a-kd.de\/index.php\/wp-json\/wp\/v2\/pages\/73131\/revisions\/78440"}],"wp:attachment":[{"href":"https:\/\/a-kd.de\/index.php\/wp-json\/wp\/v2\/media?parent=73131"}],"curies":[{"name":"wp","href":"https:\/\/api.w.org\/{rel}","templated":true}]}}