{"id":73133,"date":"2018-08-08T18:44:30","date_gmt":"2018-08-08T18:44:30","guid":{"rendered":"https:\/\/a-kd.brecklinghaus.com\/?page_id=73133"},"modified":"2019-02-12T13:04:40","modified_gmt":"2019-02-12T11:04:40","slug":"schwerpunkte","status":"publish","type":"page","link":"https:\/\/a-kd.de\/index.php\/schwerpunkte\/","title":{"rendered":"Schwerpunkte"},"content":{"rendered":"<p>Das Spektrum unserer Arbeit reicht von der kleinen Erweiterung eines Wohnhauses, \u00fcber die Planungen von Logistikzentren bis hin zur Grundsatzplanung der Markenarchitektur verschiedenster Automobilhersteller.<\/p>\n<p>Eine Separierung auf bestimmte Aufgabenbereiche wurde gezielt vermieden, da jeder Bauplatz,<br \/>\njede an uns gestellte Aufgabe, einzigartig ist und wir zeigen wollen, dass wir uns als Sachwalter<br \/>\nunserer Bauherren verstehen.<\/p>\n<p>Die Beratung, Planung und Baubegleitung von Projekten f\u00fcr Gewerbe + Industriebau , Wohnungsbau, Verwaltungsbau und Autoh\u00e4usern, sowie im Denkmalschutz sind hierbei unsere St\u00e4rken.<\/p>\n<ul>\n<li>Autoh\u00e4user<\/li>\n<li>Bauten f\u00fcr verschiedenste Automobilmarken<\/li>\n<li>VOLKSWAGEN<\/li>\n<li>AUDI<\/li>\n<li>TOYOTA<\/li>\n<li>LEXUS<\/li>\n<li>SEAT<\/li>\n<li>SKODA<\/li>\n<li>OPEL\u00a0usw.<\/li>\n<\/ul>\n<ul>\n<li>Unterhaltungseinrichtungen<\/li>\n<li>Verwaltungsgeb\u00e4ude<\/li>\n<li>\u00c4mter<\/li>\n<li>Industrie- und Gewerbebau<\/li>\n<li>B\u00fcro- und Gesch\u00e4ftsh\u00e4user<\/li>\n<li>Betriebs- und Produktionsst\u00e4tten<\/li>\n<li>Verkaufsst\u00e4tten und Verbraucherm\u00e4rkte<\/li>\n<li>Gastronomie und Freizeit<\/li>\n<li>St\u00e4dtebau, Stadtgestaltung\/-planung<\/li>\n<li>Platz- und Stra\u00dfenraumgestaltung<\/li>\n<li>Vorhabens- und Erschlie\u00dfungspl\u00e4ne<\/li>\n<\/ul>\n<ul>\n<li>Mehrfamilienh\u00e4user<\/li>\n<li>Einfamilienh\u00e4user<\/li>\n<li>Seniorenwohnanlagen<\/li>\n<li>Wohnen im Alter<\/li>\n<li>Ma\u00dfnahmen im Bestand<\/li>\n<li>Bestandsaufnahmen<\/li>\n<li>Nutzungskonzepte<\/li>\n<li>Denkmalschutz<\/li>\n<\/ul>\n<p>Weitere T\u00e4tigkeitsfelder<\/p>\n<ul>\n<li>Strukturuntersuchungen<\/li>\n<li>Masterplanungen<\/li>\n<li>Prozessoptimierung<\/li>\n<li>erstellen von Raumprogrammen<\/li>\n<li>Entwicklung von Nutzungskonzepten<\/li>\n<li>Unterst\u00fctzung bei Wertermittlungen und Vermarktung<\/li>\n<\/ul>\n<p><strong>Besondere Leistungen (Auszug):<\/strong><\/p>\n<p>Auftraggeber: Volkswagenkonzern Wolfsburg<br \/>\nSeit 1970<br \/>\nGrundsatzplanungen in Form von\u00a0Bauhandb\u00fcchern:<\/p>\n<ul>\n<li>Standardbauprogramm Typ Ib, Typ IIb, Typ IIIb.<\/li>\n<li>\u00a0V.A.G. Kundenzentrum und V.A.G. Ausstellungsgel\u00e4nde.<\/li>\n<li>Die Audi Pr\u00e4sentation im Ausstellungsraum des V.A.G. Partners.<\/li>\n<li>Die Volkswagen Pr\u00e4sentation im Ausstellungsraum des V.A.G. Partners.<\/li>\n<li>\u00dcberarbeitung Standardbauprogramm nach den neuesten Erkenntnissen.<\/li>\n<li>Brosch\u00fcren: &#8222;Mein Betrieb im Test&#8220;<\/li>\n<\/ul>\n<p>1981 Auszeichnung guter Architektur im Ruhrgebiet am Beispiel Gelsenkirchen + Marl<\/p>\n<p>1988 Auftraggeber: Toyota-Deutschland, K\u00f6ln<\/p>\n<ul>\n<li>TOYOTA Bauhandbuch &#8211; Der Musterbetrieb<\/li>\n<\/ul>\n<p>1995 Europ\u00e4ischer Transportpreis f\u00fcr des Logistikzentrum Neuss<\/p>\n<p>1996 Volkswagen Corporate Design Grundsatzplanung f\u00fcr das neue Erscheinungsbild<br \/>\nder Marke Volkswagen im Auftrag der Volkswagen AG Wolfsburg<\/p>\n<p>1997\u00a0Pilotbetrieb der AUDI AG, Audi Zentrum Duisburg nach neuer AUDI Masterplanung mit<br \/>\nver\u00e4nderter Grundrissform<\/p>\n<p>1998\u00a0Bau des ersten Volkswagenzentrums der Welt nach dem neuen Volkswagen Corporate Design<br \/>\nin Stuttgart<\/p>\n<p>2000 Bau des Volkswagenzentrums Halle in ein 100-j\u00e4hriges Industriedenkmal<\/p>\n<p>2002\u00a0Beteiligung am Tag der Architektur mit dem Neubau eines B\u00fcro und Verwaltungsgeb\u00e4udes in Marl<\/p>\n<p>2004 Ver\u00f6ffentlichungen in den Fachzeitschriften &#8222;Das Autohaus&#8220; + &#8222;Der KFZ-Betrieb&#8220; +\u00a0&#8222;ST-Art&#8220;<\/p>\n","protected":false},"excerpt":{"rendered":"<p>Das Spektrum unserer Arbeit reicht von der kleinen Erweiterung eines Wohnhauses, \u00fcber die Planungen von Logistikzentren bis hin zur Grundsatzplanung [&hellip;]<\/p>\n","protected":false},"author":1,"featured_media":0,"parent":0,"menu_order":0,"comment_status":"closed","ping_status":"closed","template":"","meta":[],"_links":{"self":[{"href":"https:\/\/a-kd.de\/index.php\/wp-json\/wp\/v2\/pages\/73133"}],"collection":[{"href":"https:\/\/a-kd.de\/index.php\/wp-json\/wp\/v2\/pages"}],"about":[{"href":"https:\/\/a-kd.de\/index.php\/wp-json\/wp\/v2\/types\/page"}],"author":[{"embeddable":true,"href":"https:\/\/a-kd.de\/index.php\/wp-json\/wp\/v2\/users\/1"}],"replies":[{"embeddable":true,"href":"https:\/\/a-kd.de\/index.php\/wp-json\/wp\/v2\/comments?post=73133"}],"version-history":[{"count":5,"href":"https:\/\/a-kd.de\/index.php\/wp-json\/wp\/v2\/pages\/73133\/revisions"}],"predecessor-version":[{"id":74806,"href":"https:\/\/a-kd.de\/index.php\/wp-json\/wp\/v2\/pages\/73133\/revisions\/74806"}],"wp:attachment":[{"href":"https:\/\/a-kd.de\/index.php\/wp-json\/wp\/v2\/media?parent=73133"}],"curies":[{"name":"wp","href":"https:\/\/api.w.org\/{rel}","templated":true}]}}