{"id":73136,"date":"2018-08-08T18:45:03","date_gmt":"2018-08-08T18:45:03","guid":{"rendered":"https:\/\/a-kd.brecklinghaus.com\/?page_id=73136"},"modified":"2019-02-12T12:39:09","modified_gmt":"2019-02-12T10:39:09","slug":"philosophie","status":"publish","type":"page","link":"https:\/\/a-kd.de\/index.php\/philosophie\/","title":{"rendered":"Philosophie"},"content":{"rendered":"<p><strong>Architektur, das ist &#8230;<\/strong><\/p>\n<p>\u201edie profanen wie sakralen Zwecken dienende \u00e4lteste aller bildenden K\u00fcnste, deren Ergebnis die Behausung im weitesten Sinn ist\u201c.<\/p>\n<p>Wurde \u00fcber viele Jahrzehnte und Jahrhunderte hinweg in der Architektur ausschlie\u00dflich ein Mittel zum Zweck gesehen, so ist dies heute anders.<\/p>\n<p><strong>Architektur stellt f\u00fcr uns viel mehr dar &#8230;<\/strong><\/p>\n<p>Sie ist Kunst und Sch\u00f6pfung, schafft Leben, gestaltet Raum und Zeit.<\/p>\n<p>Damit die Visionen unserer Bauherren Realit\u00e4t werden, widmen wir uns mit einem hohen Anspruch an<br \/>\nQualit\u00e4t,\u00a0Funktionalit\u00e4t, Termingenauigkeit und Kostensicherheit den uns gestellten Aufgaben.<\/p>\n<p>&#8211; Grundvoraussetzung f\u00fcr unsere erfolgreiche Arbeit ist ein professioneller und partnerschaftlicher Umgang<br \/>\nmit allen an der Umsetzung der Vision Beteiligten.<br \/>\n&#8211; So schaffen wir eine sichere Basis, auf der unsere kreative Vision Wirklichkeit wird und ein Umfeld,<br \/>\ndas Teamgeist, Kreativit\u00e4t und Leistungsbereitschaft erm\u00f6glicht.<br \/>\n&#8211; Nur so kann aus dem Rohbau das werden, was Vision\u00e4re sich w\u00fcnschen: ein Werk, das Menschen ber\u00fchrt.<\/p>\n<p><strong>Hierf\u00fcr steht unser B\u00fcro.<\/strong><\/p>\n","protected":false},"excerpt":{"rendered":"<p>Architektur, das ist &#8230; \u201edie profanen wie sakralen Zwecken dienende \u00e4lteste aller bildenden K\u00fcnste, deren Ergebnis die Behausung im weitesten [&hellip;]<\/p>\n","protected":false},"author":1,"featured_media":0,"parent":0,"menu_order":0,"comment_status":"closed","ping_status":"closed","template":"","meta":[],"_links":{"self":[{"href":"https:\/\/a-kd.de\/index.php\/wp-json\/wp\/v2\/pages\/73136"}],"collection":[{"href":"https:\/\/a-kd.de\/index.php\/wp-json\/wp\/v2\/pages"}],"about":[{"href":"https:\/\/a-kd.de\/index.php\/wp-json\/wp\/v2\/types\/page"}],"author":[{"embeddable":true,"href":"https:\/\/a-kd.de\/index.php\/wp-json\/wp\/v2\/users\/1"}],"replies":[{"embeddable":true,"href":"https:\/\/a-kd.de\/index.php\/wp-json\/wp\/v2\/comments?post=73136"}],"version-history":[{"count":8,"href":"https:\/\/a-kd.de\/index.php\/wp-json\/wp\/v2\/pages\/73136\/revisions"}],"predecessor-version":[{"id":74804,"href":"https:\/\/a-kd.de\/index.php\/wp-json\/wp\/v2\/pages\/73136\/revisions\/74804"}],"wp:attachment":[{"href":"https:\/\/a-kd.de\/index.php\/wp-json\/wp\/v2\/media?parent=73136"}],"curies":[{"name":"wp","href":"https:\/\/api.w.org\/{rel}","templated":true}]}}