{"id":73141,"date":"2018-08-08T18:46:11","date_gmt":"2018-08-08T18:46:11","guid":{"rendered":"https:\/\/a-kd.brecklinghaus.com\/?page_id=73141"},"modified":"2019-02-21T09:58:39","modified_gmt":"2019-02-21T07:58:39","slug":"bueroausstattung","status":"publish","type":"page","link":"https:\/\/a-kd.de\/index.php\/bueroausstattung\/","title":{"rendered":"B\u00fcroausstattung"},"content":{"rendered":"<p>Seit 1987 arbeiten wir mit dem CAD-Programmsystem Spirit von der Softwarefirma Softtech aus Neustadt an der Weinstra\u00dfe.<\/p>\n<p>Vom\u00a0Entwurf bis zur Visualisierung sowie von der Genehmigungsplanung bis zur Mengenermittlung nutzen wir unsere komplett vernetzte B\u00fcrostruktur.<\/p>\n<p>Ab der ersten groben Kostensch\u00e4tzung \u00fcber die Auschreibung bis hin zur Abrechnung setzen wir das AVA Programm AVA NTi Pro ebenfalls von der Firma Softtech ein.<\/p>\n<p>Aufgrund unserer st\u00e4ndig aktualisierten\u00a0Softwareausstattung und hohen Kompatibilit\u00e4t verarbeiten wir s\u00e4mtliche g\u00e4ngigen Dateiaustauschformate wie z.B.: dxf, dwg,\u00a03ds, o2c, pdf, doc, xls,\u00a0jpg, gif, tif,\u00a0bmp, raw, sowie im AVA Bereich die\u00a0standardisierte GAEB-Schnittstelle.<\/p>\n<p><strong>3 D Visualisierung<\/strong><\/p>\n<p>Weiterhin verf\u00fcgen wir \u00fcber umfangreiche Erfahrungen in der Anwendung von dreidimensionalen Konstruktionen, bei denen neben einer anschaulichen Visualisierung der Projekte auch\u00a0zum Teil bewegte Bilder als Film eingesetzt\u00a0werden.<\/p>\n<p>Auch im Bereich der Bestandsaufnahme, Aufma\u00df und Vermessung sind wir umfangreich und modern ausgestattet und k\u00f6nnen so\u00a0professionell und effektiv die entsprechenden Daten\u00a0erfassen.<\/p>\n<p>Insgesamt stehen 7 voll ausgestattete EDV Arbeitpl\u00e4tze zur Verf\u00fcgung.<\/p>\n","protected":false},"excerpt":{"rendered":"<p>Seit 1987 arbeiten wir mit dem CAD-Programmsystem Spirit von der Softwarefirma Softtech aus Neustadt an der Weinstra\u00dfe. Vom\u00a0Entwurf bis zur [&hellip;]<\/p>\n","protected":false},"author":1,"featured_media":0,"parent":0,"menu_order":0,"comment_status":"closed","ping_status":"closed","template":"","meta":[],"_links":{"self":[{"href":"https:\/\/a-kd.de\/index.php\/wp-json\/wp\/v2\/pages\/73141"}],"collection":[{"href":"https:\/\/a-kd.de\/index.php\/wp-json\/wp\/v2\/pages"}],"about":[{"href":"https:\/\/a-kd.de\/index.php\/wp-json\/wp\/v2\/types\/page"}],"author":[{"embeddable":true,"href":"https:\/\/a-kd.de\/index.php\/wp-json\/wp\/v2\/users\/1"}],"replies":[{"embeddable":true,"href":"https:\/\/a-kd.de\/index.php\/wp-json\/wp\/v2\/comments?post=73141"}],"version-history":[{"count":3,"href":"https:\/\/a-kd.de\/index.php\/wp-json\/wp\/v2\/pages\/73141\/revisions"}],"predecessor-version":[{"id":74808,"href":"https:\/\/a-kd.de\/index.php\/wp-json\/wp\/v2\/pages\/73141\/revisions\/74808"}],"wp:attachment":[{"href":"https:\/\/a-kd.de\/index.php\/wp-json\/wp\/v2\/media?parent=73141"}],"curies":[{"name":"wp","href":"https:\/\/api.w.org\/{rel}","templated":true}]}}