{"id":73996,"date":"2018-10-21T14:34:47","date_gmt":"2018-10-21T12:34:47","guid":{"rendered":"https:\/\/a-kd.de\/?page_id=73996"},"modified":"2021-06-11T14:16:45","modified_gmt":"2021-06-11T12:16:45","slug":"impressum","status":"publish","type":"page","link":"https:\/\/a-kd.de\/index.php\/impressum\/","title":{"rendered":"Impressum"},"content":{"rendered":"<p>Verantwortlicher Inhaltsanbieter f\u00fcr die vorliegende Homepage im Sinne des \u00a7 6 Teledienstgesetz (TDG) ist:<\/p>\n<p>Dienberg Architekten GmbH<br \/>\nGesch\u00e4ftsf\u00fchrer: Klaus Dienberg<br \/>\nKiebitzstra\u00dfe 7<br \/>\n45897 Gelsenkirchen<br \/>\nTel: +(49) 209 &#8211; 165 898 0<br \/>\nFax: +(49) 209 &#8211; 165 898 11<br \/>\nMobil: +(49) 172 &#8211; 28 22 769<br \/>\nEmail: info@a-kd.de<\/p>\n<p>&nbsp;<\/p>\n<p>&nbsp;<\/p>\n<p>Architekt (Deutschland), Mitglied der <a href=\"http:\/\/vfa-architekten.de\/\"><strong>Vereinigung freischaffender Architekten Deutschlands e.V.<\/strong><\/a><\/p>\n<p>&nbsp;<\/p>\n<p>Aufsichtsbeh\u00f6rde \/ zust\u00e4ndige Kammer:<br \/>\nArchitektenkammer Nordrhein-Westfalen AKNW<br \/>\nZollhof 1, 40221 D\u00fcsseldorf, <span style=\"color: black;\"> <a title=\"AKNW\" href=\"http:\/\/www.aknw.de\/\" target=\"_blank\" rel=\"noopener\">www.aknw.de <\/a><\/span><\/p>\n<p>Berufsrechtliche Grundlagen:<br \/>\n<a href=\"http:\/\/www.aknw.de\/mitglieder\/recht-und-gesetze\/gesetze-und-verordnungen\/\" target=\"_blank\" rel=\"noopener\">Baukammerngesetz des Landes NRW<\/a><br \/>\n<a href=\"http:\/\/www.aknw.de\/mitglieder\/recht-und-gesetze\/gesetze-und-verordnungen\/\" target=\"_blank\" rel=\"noopener\">Durchf\u00fchrungsverordnung zum BauKG NW<\/a><br \/>\n<a href=\"http:\/\/www.aknw.de\/mitglieder\/recht-und-gesetze\/gesetze-und-verordnungen\/\" target=\"_blank\" rel=\"noopener\">Satzung der Architektenkammer Nordrhein-Westfalen<\/a><br \/>\n<a href=\"http:\/\/www.aknw.de\/mitglieder\/recht-und-gesetze\/hoai-2013\/\" target=\"_blank\" rel=\"noopener\">HOAI Honorarordnung f\u00fcr Architekten und Ingenieure<\/a><\/p>\n<p>&nbsp;<\/p>\n<p>&nbsp;<\/p>\n<p>Disclaimer<\/p>\n<p>Keine Gew\u00e4hr f\u00fcr Richtigkeit, Vollst\u00e4ndigkeit und Aktualit\u00e4t. Jegliche Haftung, insbesondere f\u00fcr eventuelle Sch\u00e4den oder Konsequenzen, die durch die Nutzung des angebotenen Wissensstoffes entstehen, sind ausgeschlossen.<\/p>\n<p>Die Texte auf dieser und den \u00fcbrigen sowie die Gestaltung der Seiten unterliegen dem Urheberrecht des Inhaltsanbieters oder den namentlich genannten Personen, soweit dies gesetzlich m\u00f6glich ist. Der Download von Inhalten zum pers\u00f6nlichen, privaten und nicht-kommerziellen Gebrauch ist jedoch gestattet.<\/p>\n<p>F\u00fcr fremde Inhalte, auf die verwiesen wird, ist der Inhaltsanbieter nur dann verantwortlich, wenn von ihnen (d.h. auch von einem rechtswidrigen bzw. strafbaren Inhalt) positive Kenntnis vorliegt und es technisch m\u00f6glich und zumutbar ist, deren Nutzung zu verhindern (\u00a7 5 Abs. 2 TDG).<\/p>\n<p>Bei fremden Angeboten, auf die verwiesen wird, handelt es sich um dynamische Angebote. Bei der erstmaligen Verkn\u00fcpfung wird der fremde Inhalt zwar daraufhin \u00fcberpr\u00fcft, ob durch ihn eine m\u00f6gliche zivilrechtliche oder strafrechtliche Verantwortlichkeit ausgel\u00f6st wird. Der Inhaltsanbieter ist aber nach dem TDG nicht dazu verpflichtet, die Inhalte, auf die er in seinem Angebot verweist, st\u00e4ndig auf Ver\u00e4nderungen zu \u00fcberpr\u00fcfen, die eine Verantwortlichkeit neu begr\u00fcnden k\u00f6nnten. Erst wenn er feststellt oder von anderen darauf hingewiesen wird, dass ein konkretes Angebot, zu dem er einen Link bereitgestellt hat, eine zivil- oder strafrechtliche Verantwortlichkeit ausl\u00f6st, wird er den Verweis auf dieses Angebot aufheben, soweit ihm dies technisch m\u00f6glich und zumutbar ist.<\/p>\n<p>Soweit diese Seiten durch Besucher um Inhalte erg\u00e4nzt werden k\u00f6nnen (beispielsweise in einem G\u00e4stebuch oder einer Newsgroup), ist der Inhaltsanbieter dieser Homepage f\u00fcr diese Fremdinhalte nicht verantwortlich. Verantwortlich ist der jeweilige Verfasser. Werden Verst\u00f6\u00dfe gegen geltendes Recht bemerkt, so werden diese Fremdinhalte umgehend entfernt.<\/p>\n<p>Datenschutzerkl\u00e4rung gem. \u00a7 4 Abs. 1 TDDSG:<br \/>\nSoweit Sie uns personenbezogene Daten zur Verf\u00fcgung gestellt haben,<br \/>\nverwenden wir diese ausschlie\u00dflich zum Zweck der technischen Administration unserer<br \/>\nWebsite und zur Erf\u00fcllung Ihrer W\u00fcnsche und Anforderungen, insbesondere zur Abwicklung<br \/>\neines mit Ihnen geschlossenen Vertrages oder zur Beantwortung Ihrer Anfrage.<br \/>\nEine Weitergabe, ein Verkauf oder sonstige \u00dcbermittlung Ihrer personenbezogenen Daten<br \/>\nan Dritte erfolgt nicht, es sei denn, dass<\/p>\n<p>&#8211; dies zum Zweck der Vertragsabwicklung erforderlich ist. So kann es beispielsweise erforderlich sein, dass wir bei Bestellungen Ihre Anschrift und Bestelldaten an unsere Lieferanten weitergeben,<br \/>\n&#8211; dies zu Abrechnungszwecken erforderlich ist<\/p>\n<p>Beim Zugriff auf diese Homepage werden f\u00fcr Zugriffsstatistiken Ihre IP-Adresse, die von Ihnen abgerufene Seite sowie Datum und Uhrzeit des Zugriffs erfasst. Diese Datenangaben werden ausschlie\u00dflich zu internen Zwecken verwendet und keinesfalls an Dritte weitergegeben. Dieser Verwendung k\u00f6nnen Sie gem\u00e4\u00df \u00a7 6 Abs. 1 S. 3 TDDSG widersprechen. Bitte nennen Sie uns zu diesem Zweck die betreffende IP-Adresse sowie den exakten Zeitraum Ihres Zugriffs auf diese Website. Die entsprechenden Eintr\u00e4ge werden dann umgehend aus den Protokolldateien gel\u00f6scht.<\/p>\n","protected":false},"excerpt":{"rendered":"<p>Verantwortlicher Inhaltsanbieter f\u00fcr die vorliegende Homepage im Sinne des \u00a7 6 Teledienstgesetz (TDG) ist: Dienberg Architekten GmbH Gesch\u00e4ftsf\u00fchrer: Klaus Dienberg [&hellip;]<\/p>\n","protected":false},"author":1,"featured_media":0,"parent":0,"menu_order":0,"comment_status":"closed","ping_status":"closed","template":"","meta":[],"_links":{"self":[{"href":"https:\/\/a-kd.de\/index.php\/wp-json\/wp\/v2\/pages\/73996"}],"collection":[{"href":"https:\/\/a-kd.de\/index.php\/wp-json\/wp\/v2\/pages"}],"about":[{"href":"https:\/\/a-kd.de\/index.php\/wp-json\/wp\/v2\/types\/page"}],"author":[{"embeddable":true,"href":"https:\/\/a-kd.de\/index.php\/wp-json\/wp\/v2\/users\/1"}],"replies":[{"embeddable":true,"href":"https:\/\/a-kd.de\/index.php\/wp-json\/wp\/v2\/comments?post=73996"}],"version-history":[{"count":10,"href":"https:\/\/a-kd.de\/index.php\/wp-json\/wp\/v2\/pages\/73996\/revisions"}],"predecessor-version":[{"id":77439,"href":"https:\/\/a-kd.de\/index.php\/wp-json\/wp\/v2\/pages\/73996\/revisions\/77439"}],"wp:attachment":[{"href":"https:\/\/a-kd.de\/index.php\/wp-json\/wp\/v2\/media?parent=73996"}],"curies":[{"name":"wp","href":"https:\/\/api.w.org\/{rel}","templated":true}]}}